{"id":69,"date":"2019-07-14T10:38:23","date_gmt":"2019-07-14T08:38:23","guid":{"rendered":"http:\/\/naimlabrifraternel.fr\/?page_id=69"},"modified":"2025-02-13T22:15:00","modified_gmt":"2025-02-13T21:15:00","slug":"notre-projet","status":"publish","type":"page","link":"https:\/\/naimlabrifraternel.fr\/?page_id=69","title":{"rendered":"Notre projet"},"content":{"rendered":"\t\t<div data-elementor-type=\"wp-post\" data-elementor-id=\"69\" class=\"elementor elementor-69\">\n\t\t\t\t\t\t<section class=\"elementor-section elementor-top-section elementor-element elementor-element-e9b0299 elementor-section-boxed elementor-section-height-default elementor-section-height-default\" data-id=\"e9b0299\" data-element_type=\"section\">\n\t\t\t\t\t\t<div class=\"elementor-container elementor-column-gap-default\">\n\t\t\t\t\t<div class=\"elementor-column elementor-col-100 elementor-top-column elementor-element elementor-element-5ea1858\" data-id=\"5ea1858\" data-element_type=\"column\">\n\t\t\t<div class=\"elementor-widget-wrap elementor-element-populated\">\n\t\t\t\t\t\t<div class=\"elementor-element elementor-element-ea1d2dc elementor-widget elementor-widget-text-editor\" data-id=\"ea1d2dc\" data-element_type=\"widget\" data-widget_type=\"text-editor.default\">\n\t\t\t\t<div class=\"elementor-widget-container\">\n\t\t\t\t\t\t\t<p>L&rsquo;association dite Na\u00efm l\u2019Abri Fraternel, a pour but d\u2019assurer par la cr\u00e9ation, la gestion et l&rsquo;animation de structures adapt\u00e9es \u00e0 l&rsquo;accueil, l&rsquo;h\u00e9bergement, la domiciliation de personnes sans domicile stable, la distribution de nourriture, l&rsquo;accompagnement et l&rsquo;insertion de personnes dans des situations de pauvret\u00e9s, quelles que soient leur nationalit\u00e9, leur religion ou leurs opinions et ce, par tous les moyens se rattachant \u00e0 ce but. (<em>extrait des statuts<\/em>)<\/p>\t\t\t\t\t\t<\/div>\n\t\t\t\t<\/div>\n\t\t\t\t\t<\/div>\n\t\t<\/div>\n\t\t\t\t\t<\/div>\n\t\t<\/section>\n\t\t\t\t<section class=\"elementor-section elementor-top-section elementor-element elementor-element-2541c9c elementor-section-boxed elementor-section-height-default elementor-section-height-default\" data-id=\"2541c9c\" data-element_type=\"section\">\n\t\t\t\t\t\t<div class=\"elementor-container elementor-column-gap-default\">\n\t\t\t\t\t<div class=\"elementor-column elementor-col-100 elementor-top-column elementor-element elementor-element-3a9d5c2\" data-id=\"3a9d5c2\" data-element_type=\"column\">\n\t\t\t<div class=\"elementor-widget-wrap elementor-element-populated\">\n\t\t\t\t\t\t<div class=\"elementor-element elementor-element-8063f13 elementor-widget elementor-widget-text-editor\" data-id=\"8063f13\" data-element_type=\"widget\" data-widget_type=\"text-editor.default\">\n\t\t\t\t<div class=\"elementor-widget-container\">\n\t\t\t\t\t\t\t<p>L\u2019association Na\u00efm l\u2019Abri Fraternel est une association loi 1901, \u00e0 caract\u00e8re social, reconnue d\u2019int\u00e9r\u00eat g\u00e9n\u00e9ral, qui ne vit que de dons (financiers et mat\u00e9riels). Elle a \u00e9t\u00e9 cr\u00e9\u00e9e en 2017 \u00e0 l\u2019initiative de Pierre Atlante, diacre permanent du dioc\u00e8se de Marseille, responsable de l\u2019Accueil Mobile de Nuit (AMN) du Secours Catholique jusqu\u2019\u00e0 fin 2024.<\/p><p><strong>\u00ab\u00a0L\u2019urgence dans la rue, c\u2019est survivre et il n\u2019est pas possible de se reconstruire sans b\u00e9n\u00e9ficier d\u2019un endroit o\u00f9 se poser.\u00a0\u00bb<\/strong><\/p><p>En faisant ce constat au cours des tourn\u00e9es de nuit \u00e0 Marseille qu\u2019il a fond\u00e9es en 1996, Pierre a entrain\u00e9 avec lui 3 b\u00e9n\u00e9voles (\u00c9lisabeth et Philippe Maestraggi, Chantal Coquillion) dans un projet pour tendre la main aux sans-abris avant qu\u2019ils ne soient happ\u00e9s par la spirale infernale de la rue. L\u2019aventure de \u00ab\u00a0Na\u00efm\u00a0\u00bb a commenc\u00e9 ainsi et se poursuit.<\/p><p>Actuellement, l\u2019association compte une trentaine de b\u00e9n\u00e9voles, dont la plupart, issus de l\u2019AMN, ont \u00e9galement envie d\u2019aller encore plus loin qu\u2019au cours des rencontres du soir qui durent tr\u00e8s peu.<\/p><p>Na\u00efm l\u2019Abri Fraternel a re\u00e7u le soutien du dioc\u00e8se de Marseille (Monseigneur Georges Pontier, puis Son Excellence le Cardinal Jean-Marc Aveline)\u00a0: Monseigneur Pontier a pos\u00e9 la premi\u00e8re pierre et Monseigneur Aveline a pris le relais en inaugurant le 1<sup>er<\/sup> village de l\u2019association. Le dioc\u00e8se y est repr\u00e9sent\u00e9 par l\u2019aum\u00f4nier du Secours Catholique, membre de droit.<\/p><p>L\u2019Association a re\u00e7u la B\u00e9n\u00e9diction apostolique du Pape Fran\u00e7ois. Elle est plac\u00e9e sous la protection du Bienheureux Abb\u00e9 Fouque.<\/p><p>Na\u00efm l\u2019Abri Fraternel a pour but de venir en aide aux sans-abris qui souhaitent sortir de la rue.<\/p><p>Il s\u2019agit de leur proposer un h\u00e9bergement transitoire pour leur offrir une chance de pouvoir reprendre pied\u00a0et leur donner le temps de r\u00e9apprendre les gestes du quotidien (alimentation, sommeil, propret\u00e9, sant\u00e9\u2026) pour se reconstruire avant de r\u00e9int\u00e9grer une vie sociale digne et adapt\u00e9e\u2026<\/p><p>Pour cela, l\u2019association a ouvert en 2019, deux structures\u00a0:<\/p><p><strong><u>Un accueil de jour<\/u><\/strong>\u00a0:<\/p><p>Chaque semaine, l\u2019Accueil Fontaine Violette (54 bd\u00a0 Baille Marseille, 6<sup>\u00e8me<\/sup>) re\u00e7oit une soixantaine de sans-abris pour leur apporter un peu de\u00a0r\u00e9confort et pour leur permettre de garder leur dignit\u00e9.<\/p><p>Ce lieu est un v\u00e9ritable havre de paix pour eux et nous les accueillons avec bienveillance tout en nous assurant du bon comportement de chacun afin de pr\u00e9server la tranquillit\u00e9 et la s\u00e9curit\u00e9 des lieux.<\/p><p>Nous y proposons 4 matin\u00e9es par semaine (3 matin\u00e9es pour les hommes et une pour les femmes) une \u00e9coute, un petit d\u00e9jeuner, des douches, des lessives, un vestiaire, un espace biblioth\u00e8que, un acc\u00e8s \u00e0 internet. Cet accueil nous permet aussi de discerner ceux qui sont en demande et que nous serons en mesure d\u2019aider en leur proposant un h\u00e9bergement.<\/p><p><strong><u>Un p\u00f4le h\u00e9bergement<\/u><\/strong>\u00a0: une\u00a0<strong>passerelle<\/strong>\u00a0 entre la rue et une structure adapt\u00e9e.<\/p><p><strong><u>Saint-Fran\u00e7ois-Xavier\u00a0: <\/u><\/strong><\/p><p>Sur un terrain mis \u00e0 notre disposition par le dioc\u00e8se \u00e0 la paroisse Bienheureux Jean-Baptiste Fouque &#8211; Saint-Fran\u00e7ois Xavier), nous avons install\u00e9 2 containers am\u00e9nag\u00e9s et un chalet.<\/p><p>Nous demandons aux b\u00e9n\u00e9ficiaires d\u2019avoir des papiers en r\u00e8gle, d\u2019\u00eatre d\u00e9j\u00e0 suivis par une assistante sociale et d\u2019avoir un projet d\u2019avenir. Ces conditions sont n\u00e9cessaires pour que nous puissions les aider avec nos comp\u00e9tences de b\u00e9n\u00e9voles.<\/p><p>Depuis 2019, nous avons accueilli 12 sans-abris suivis par les b\u00e9n\u00e9voles de Na\u00efm l\u2019Abri Fraternel (parmi lesquels un parrain est d\u00e9sign\u00e9) et par les paroissiens de Saint Fran\u00e7ois Xavier qui les aident \u00e0 se reconstruire et \u00e0 r\u00e9apprendre les gestes du quotidien. Le parrain les accompagne pour la prise de contact avec les structures sociales comp\u00e9tentes.<\/p><p><strong><u>La Pommeraie <\/u>:<\/strong><\/p><p>Nous travaillons actuellement sur un nouveau projet d\u2019implantation de 3 containers sur le terrain de l\u2019Eglise de Notre-Dame des Ap\u00f4tres (La Pommeraie 11\u00e8me) afin de \u00ab\u00a0dupliquer\u00a0\u00bb cette premi\u00e8re exp\u00e9rience.<\/p>\t\t\t\t\t\t<\/div>\n\t\t\t\t<\/div>\n\t\t\t\t\t<\/div>\n\t\t<\/div>\n\t\t\t\t\t<\/div>\n\t\t<\/section>\n\t\t\t\t<section class=\"elementor-section elementor-top-section elementor-element elementor-element-a211ed7 elementor-section-boxed elementor-section-height-default elementor-section-height-default\" data-id=\"a211ed7\" data-element_type=\"section\">\n\t\t\t\t\t\t<div class=\"elementor-container elementor-column-gap-default\">\n\t\t\t\t\t<div class=\"elementor-column elementor-col-100 elementor-top-column elementor-element elementor-element-a37a3a5\" data-id=\"a37a3a5\" data-element_type=\"column\">\n\t\t\t<div class=\"elementor-widget-wrap elementor-element-populated\">\n\t\t\t\t\t\t<div class=\"elementor-element elementor-element-039db20 elementor-widget elementor-widget-text-editor\" data-id=\"039db20\" data-element_type=\"widget\" data-settings=\"{&quot;_animation&quot;:&quot;none&quot;}\" data-widget_type=\"text-editor.default\">\n\t\t\t\t<div class=\"elementor-widget-container\">\n\t\t\t\t\t\t\t<p>T\u00e9l\u00e9charger le projet en pdf :\u00a0<a href=\"https:\/\/naimlabrifraternel.fr\/wp-content\/uploads\/2019\/07\/Le-Projet-NA\u00cfM-1.pdf\" target=\"_blank\" rel=\"noopener\">Le Projet initial NA\u00cfM en 2017<\/a><\/p><p>T\u00e9l\u00e9charger en pdf : <a href=\"https:\/\/naimlabrifraternel.fr\/wp-content\/uploads\/2025\/02\/Presentation-Naim-2025.pdf\">Le projet NA\u00cfM en 2025<\/a><\/p>\t\t\t\t\t\t<\/div>\n\t\t\t\t<\/div>\n\t\t\t\t<div class=\"elementor-element elementor-element-664c85f elementor-widget elementor-widget-text-editor\" data-id=\"664c85f\" data-element_type=\"widget\" data-widget_type=\"text-editor.default\">\n\t\t\t\t<div class=\"elementor-widget-container\">\n\t\t\t\t\t\t\t<blockquote><p><strong><img fetchpriority=\"high\" decoding=\"async\" class=\" wp-image-438 alignleft\" src=\"https:\/\/naimlabrifraternel.fr\/wp-content\/uploads\/2025\/02\/abbe-Fouque-225x300.jpg\" alt=\"\" width=\"243\" height=\"324\" srcset=\"https:\/\/naimlabrifraternel.fr\/wp-content\/uploads\/2025\/02\/abbe-Fouque-225x300.jpg 225w, https:\/\/naimlabrifraternel.fr\/wp-content\/uploads\/2025\/02\/abbe-Fouque-768x1024.jpg 768w, https:\/\/naimlabrifraternel.fr\/wp-content\/uploads\/2025\/02\/abbe-Fouque-1152x1536.jpg 1152w, https:\/\/naimlabrifraternel.fr\/wp-content\/uploads\/2025\/02\/abbe-Fouque-1536x2048.jpg 1536w, https:\/\/naimlabrifraternel.fr\/wp-content\/uploads\/2025\/02\/abbe-Fouque-1200x1600.jpg 1200w, https:\/\/naimlabrifraternel.fr\/wp-content\/uploads\/2025\/02\/abbe-Fouque-scaled.jpg 1920w\" sizes=\"(max-width: 243px) 85vw, 243px\" \/>L\u2019association a \u00e9t\u00e9 plac\u00e9e sous la protection du bienheureux Abb\u00e9 Fouque<\/strong><\/p><p><span style=\"font-size: 16px;\"><span style=\"color: #1a1a1a;\">Jean-Baptiste Fouque est n\u00e9 \u00e0 Marseille le 12 septembre 1851. Ordonn\u00e9 pr\u00eatre en 1876, il demeurera vicaire paroissial toute sa vie : d\u2019abord \u00e0 Auriol (1877-1885), puis \u00e0 la Major (1885-1888), et enfin \u00e0 la paroisse de la Sainte Trinit\u00e9 qu\u2019il rejoint le 15 avril 1888 et qu\u2019il ne quittera plus jusqu\u2019\u00e0 sa mort survenue le 5 d\u00e9cembre 1926.<br \/><\/span><\/span><span style=\"font-family: var( --e-global-typography-text-font-family ), Sans-serif; font-weight: var( --e-global-typography-text-font-weight ); font-size: 1rem;\">Entre 1888 et 1921, il cr\u00e9a de tr\u00e8s nombreuses \u0153uvres, toutes destin\u00e9es \u00e0 aider les plus vuln\u00e9rables (orphelins, enfants handicap\u00e9s, jeunes filles isol\u00e9es, personnes \u00e2g\u00e9es, malades \u2026.). Bon nombre des \u0153uvres de l\u2019abb\u00e9 Fouque perdurent encore aujourd\u2019hui, dont l\u2019H\u00f4pital Saint-Joseph.<br \/><\/span><span style=\"color: var( --e-global-color-5fd73656 ); font-family: var( --e-global-typography-text-font-family ), Sans-serif; font-weight: var( --e-global-typography-text-font-weight ); font-size: 1rem;\">L\u2019abb\u00e9 Fouque est mort le 5 d\u00e9cembre 1926 \u00e0 l&rsquo;H\u00f4pital Saint Joseph. Aujourd&rsquo;hui encore, les valeurs humanistes, que l\u2019abb\u00e9 Fouque a port\u00e9es toute sa vie durant, continuent d\u2019animer les personnels, les administrateurs et les b\u00e9n\u00e9voles des \u0153uvres, qui lui ont surv\u00e9cu, \u00e0 une \u00e9poque o\u00f9 la solidarit\u00e9 et la g\u00e9n\u00e9rosit\u00e9 sont plus que jamais n\u00e9cessaires.<br \/><\/span><span style=\"color: var( --e-global-color-5fd73656 ); font-family: var( --e-global-typography-text-font-family ), Sans-serif; font-weight: var( --e-global-typography-text-font-weight ); font-size: 1rem;\">Le 7 d\u00e9cembre 2002, le proc\u00e8s dioc\u00e9sain en vue de sa b\u00e9atification a \u00e9t\u00e9 achev\u00e9 par Monseigneur Bernard Panafieu, Archev\u00eaque de Marseille.<br \/><\/span><span style=\"color: var( --e-global-color-5fd73656 ); font-family: var( --e-global-typography-text-font-family ), Sans-serif; font-weight: var( --e-global-typography-text-font-weight ); font-size: 1rem;\">Le 18 d\u00e9cembre 2017, le pape Fran\u00e7ois a d\u00e9cr\u00e9t\u00e9 la b\u00e9atification de l\u2019abb\u00e9 Jean-Baptiste Fouque et le 30 septembre 2018, le cardinal Angelo Becciu a pr\u00e9sid\u00e9 sa messe de b\u00e9atification \u00e0 la Cath\u00e9drale de La Major de Marseille.<\/span><\/p><\/blockquote><p><span style=\"font-size: 1rem;\">Source\u00a0: <\/span><a style=\"background-color: #ffffff; font-size: 1rem;\" href=\"https:\/\/www.fondation-saint-joseph.fr\/r\/755\/notre-fondateur-l-abbe-fouque-ses-oeuvres\/\">https:\/\/www.fondation-saint-joseph.fr\/r\/755\/notre-fondateur-l-abbe-fouque-ses-oeuvres\/<\/a><\/p><p><span style=\"color: var( --e-global-color-5fd73656 ); font-family: var( --e-global-typography-text-font-family ), Sans-serif; font-weight: var( --e-global-typography-text-font-weight ); font-size: 1rem;\">Pour en savoir plus\u00a0: le site de l\u2019Association Fouque : <\/span><a style=\"font-family: var( --e-global-typography-text-font-family ), Sans-serif; font-weight: var( --e-global-typography-text-font-weight ); background-color: #ffffff; font-size: 1rem;\" href=\"https:\/\/www.association-fouque.org\/\">https:\/\/www.association-fouque.org\/<\/a><\/p><p>T\u00e9l\u00e9vision catholique KTO : <a href=\"https:\/\/www.ktotv.com\/page\/beatification-de-jean-baptiste-fouque\">https:\/\/www.ktotv.com\/page\/beatification-de-jean-baptiste-fouque<\/a><\/p>\t\t\t\t\t\t<\/div>\n\t\t\t\t<\/div>\n\t\t\t\t\t<\/div>\n\t\t<\/div>\n\t\t\t\t\t<\/div>\n\t\t<\/section>\n\t\t\t\t<\/div>\n\t\t","protected":false},"excerpt":{"rendered":"<p>L&rsquo;association dite Na\u00efm l\u2019Abri Fraternel, a pour but d\u2019assurer par la cr\u00e9ation, la gestion et l&rsquo;animation de structures adapt\u00e9es \u00e0 l&rsquo;accueil, l&rsquo;h\u00e9bergement, la domiciliation de personnes sans domicile stable, la distribution de nourriture, l&rsquo;accompagnement et l&rsquo;insertion de personnes dans des situations de pauvret\u00e9s, quelles que soient leur nationalit\u00e9, leur religion ou leurs opinions et ce, &hellip; <a href=\"https:\/\/naimlabrifraternel.fr\/?page_id=69\" class=\"more-link\">Continuer la lecture<span class=\"screen-reader-text\"> de &laquo;&nbsp;Notre projet&nbsp;&raquo;<\/span><\/a><\/p>\n","protected":false},"author":1,"featured_media":0,"parent":0,"menu_order":0,"comment_status":"closed","ping_status":"closed","template":"","meta":{"footnotes":""},"class_list":["post-69","page","type-page","status-publish","hentry"],"_links":{"self":[{"href":"https:\/\/naimlabrifraternel.fr\/index.php?rest_route=\/wp\/v2\/pages\/69","targetHints":{"allow":["GET"]}}],"collection":[{"href":"https:\/\/naimlabrifraternel.fr\/index.php?rest_route=\/wp\/v2\/pages"}],"about":[{"href":"https:\/\/naimlabrifraternel.fr\/index.php?rest_route=\/wp\/v2\/types\/page"}],"author":[{"embeddable":true,"href":"https:\/\/naimlabrifraternel.fr\/index.php?rest_route=\/wp\/v2\/users\/1"}],"replies":[{"embeddable":true,"href":"https:\/\/naimlabrifraternel.fr\/index.php?rest_route=%2Fwp%2Fv2%2Fcomments&post=69"}],"version-history":[{"count":89,"href":"https:\/\/naimlabrifraternel.fr\/index.php?rest_route=\/wp\/v2\/pages\/69\/revisions"}],"predecessor-version":[{"id":451,"href":"https:\/\/naimlabrifraternel.fr\/index.php?rest_route=\/wp\/v2\/pages\/69\/revisions\/451"}],"wp:attachment":[{"href":"https:\/\/naimlabrifraternel.fr\/index.php?rest_route=%2Fwp%2Fv2%2Fmedia&parent=69"}],"curies":[{"name":"wp","href":"https:\/\/api.w.org\/{rel}","templated":true}]}}