{"id":53,"date":"2019-07-14T08:55:58","date_gmt":"2019-07-14T06:55:58","guid":{"rendered":"http:\/\/naimlabrifraternel.fr\/?page_id=53"},"modified":"2025-02-12T17:17:53","modified_gmt":"2025-02-12T16:17:53","slug":"saint-francois-xavier","status":"publish","type":"page","link":"https:\/\/naimlabrifraternel.fr\/?page_id=53","title":{"rendered":"Saint Fran\u00e7ois-Xavier"},"content":{"rendered":"\t\t<div data-elementor-type=\"wp-post\" data-elementor-id=\"53\" class=\"elementor elementor-53\">\n\t\t\t\t\t\t<section class=\"elementor-section elementor-top-section elementor-element elementor-element-4996fe6 elementor-section-boxed elementor-section-height-default elementor-section-height-default\" data-id=\"4996fe6\" data-element_type=\"section\">\n\t\t\t\t\t\t<div class=\"elementor-container elementor-column-gap-default\">\n\t\t\t\t\t<div class=\"elementor-column elementor-col-100 elementor-top-column elementor-element elementor-element-dea3be8\" data-id=\"dea3be8\" data-element_type=\"column\">\n\t\t\t<div class=\"elementor-widget-wrap elementor-element-populated\">\n\t\t\t\t\t\t<div class=\"elementor-element elementor-element-63d61be elementor-widget elementor-widget-heading\" data-id=\"63d61be\" data-element_type=\"widget\" data-widget_type=\"heading.default\">\n\t\t\t\t<div class=\"elementor-widget-container\">\n\t\t\t<h6 class=\"elementor-heading-title elementor-size-default\">Le film de la premi\u00e8re pierre :<\/h6>\t\t<\/div>\n\t\t\t\t<\/div>\n\t\t\t\t\t<\/div>\n\t\t<\/div>\n\t\t\t\t\t<\/div>\n\t\t<\/section>\n\t\t\t\t<section class=\"elementor-section elementor-top-section elementor-element elementor-element-59aa921 elementor-section-boxed elementor-section-height-default elementor-section-height-default\" data-id=\"59aa921\" data-element_type=\"section\">\n\t\t\t\t\t\t<div class=\"elementor-container elementor-column-gap-default\">\n\t\t\t\t\t<div class=\"elementor-column elementor-col-100 elementor-top-column elementor-element elementor-element-cf0eb54\" data-id=\"cf0eb54\" data-element_type=\"column\">\n\t\t\t<div class=\"elementor-widget-wrap elementor-element-populated\">\n\t\t\t\t\t\t<div class=\"elementor-element elementor-element-165d870 elementor-widget elementor-widget-video\" data-id=\"165d870\" data-element_type=\"widget\" data-settings=\"{&quot;video_type&quot;:&quot;vimeo&quot;}\" data-widget_type=\"video.default\">\n\t\t\t\t<div class=\"elementor-widget-container\">\n\t\t\t\t\t<div class=\"elementor-wrapper elementor-open-inline\">\n\t\t\t<iframe class=\"elementor-video-iframe\" allowfullscreen allow=\"clipboard-write\" title=\"Lecteur vid\u00e9o vimeo\" src=\"https:\/\/player.vimeo.com\/video\/341556221?color&amp;autopause=0&amp;loop=0&amp;muted=0&amp;title=1&amp;portrait=1&amp;byline=1#t=\"><\/iframe>\t\t<\/div>\n\t\t\t\t<\/div>\n\t\t\t\t<\/div>\n\t\t\t\t\t<\/div>\n\t\t<\/div>\n\t\t\t\t\t<\/div>\n\t\t<\/section>\n\t\t\t\t<section class=\"elementor-section elementor-top-section elementor-element elementor-element-9d01e52 elementor-section-boxed elementor-section-height-default elementor-section-height-default\" data-id=\"9d01e52\" data-element_type=\"section\">\n\t\t\t\t\t\t<div class=\"elementor-container elementor-column-gap-default\">\n\t\t\t\t\t<div class=\"elementor-column elementor-col-100 elementor-top-column elementor-element elementor-element-153354c\" data-id=\"153354c\" data-element_type=\"column\">\n\t\t\t<div class=\"elementor-widget-wrap elementor-element-populated\">\n\t\t\t\t\t\t<div class=\"elementor-element elementor-element-4400959 elementor-widget elementor-widget-image\" data-id=\"4400959\" data-element_type=\"widget\" data-widget_type=\"image.default\">\n\t\t\t\t<div class=\"elementor-widget-container\">\n\t\t\t\t\t\t\t\t\t\t\t\t\t\t<a href=\"https:\/\/naimlabrifraternel.fr\/?attachment_id=169\" target=\"_blank\">\n\t\t\t\t\t\t\t<img fetchpriority=\"high\" decoding=\"async\" width=\"840\" height=\"821\" src=\"https:\/\/naimlabrifraternel.fr\/wp-content\/uploads\/2019\/10\/Article1-1024x1001.png\" class=\"attachment-large size-large wp-image-167\" alt=\"\" srcset=\"https:\/\/naimlabrifraternel.fr\/wp-content\/uploads\/2019\/10\/Article1-1024x1001.png 1024w, https:\/\/naimlabrifraternel.fr\/wp-content\/uploads\/2019\/10\/Article1-300x293.png 300w, https:\/\/naimlabrifraternel.fr\/wp-content\/uploads\/2019\/10\/Article1-768x751.png 768w, https:\/\/naimlabrifraternel.fr\/wp-content\/uploads\/2019\/10\/Article1-1200x1174.png 1200w, https:\/\/naimlabrifraternel.fr\/wp-content\/uploads\/2019\/10\/Article1.png 1455w\" sizes=\"(max-width: 709px) 85vw, (max-width: 909px) 67vw, (max-width: 1362px) 62vw, 840px\" \/>\t\t\t\t\t\t\t\t<\/a>\n\t\t\t\t\t\t\t\t\t\t\t\t\t<\/div>\n\t\t\t\t<\/div>\n\t\t\t\t\t<\/div>\n\t\t<\/div>\n\t\t\t\t\t<\/div>\n\t\t<\/section>\n\t\t\t\t<section class=\"elementor-section elementor-top-section elementor-element elementor-element-7e2cdb2 elementor-section-boxed elementor-section-height-default elementor-section-height-default\" data-id=\"7e2cdb2\" data-element_type=\"section\">\n\t\t\t\t\t\t<div class=\"elementor-container elementor-column-gap-default\">\n\t\t\t\t\t<div class=\"elementor-column elementor-col-100 elementor-top-column elementor-element elementor-element-35d0e73\" data-id=\"35d0e73\" data-element_type=\"column\">\n\t\t\t<div class=\"elementor-widget-wrap elementor-element-populated\">\n\t\t\t\t\t\t<div class=\"elementor-element elementor-element-ea9a149 elementor-widget elementor-widget-text-editor\" data-id=\"ea9a149\" data-element_type=\"widget\" data-widget_type=\"text-editor.default\">\n\t\t\t\t<div class=\"elementor-widget-container\">\n\t\t\t\t\t\t\t<p>Sur un terrain mis \u00e0 notre disposition par le dioc\u00e8se sur la paroisse de St Fran\u00e7ois Xavier (6<sup>\u00e8me<\/sup>), nous avons install\u00e9 deux containers am\u00e9nag\u00e9s et un chalet en 2019.<\/p><p>Nous accueillons les sans-abris d\u00e9sireux de se r\u00e9ins\u00e9rer dans la soci\u00e9t\u00e9. Nous leur demandons d\u2019avoir des papiers en r\u00e8gle, d\u2019\u00eatre d\u00e9j\u00e0 suivis par une assistante sociale et d\u2019avoir un projet d\u2019avenir.<\/p><p>Ces conditions sont n\u00e9cessaires pour que nous soyons en mesure de les aider avec nos comp\u00e9tences de b\u00e9n\u00e9voles.<\/p><p>Il a accueilli 12 personnes depuis le 31 d\u00e9cembre 2019 (le premier accueilli), dont 8 ont pu \u00eatre r\u00e9ins\u00e9r\u00e9es dans la vie\u00a0; 2 y sont actuellement h\u00e9berg\u00e9es\u00a0; 2 dont on n\u2019a plus de nouvelles.<\/p><p>Le confinement li\u00e9 \u00e0 la Covid 19 a un peu ralenti le projet car les paroissiens n\u2019ont pas pu \u00eatre trop pr\u00e9sents. Puis, l\u2019organisation s\u2019est mise en place\u00a0: les accueillis participent \u00e0 l\u2019entretien de leur jardin commun et des abords\u00a0; ils aident la paroisse pour les colis de la Banque alimentaire (pr\u00e9paration des colis et distribution)\u00a0; ils peuvent \u00eatre concern\u00e9s par la vie de la paroisse.<\/p><p>Ceux qui sont rest\u00e9s longtemps dans la rue ont besoin d\u2019un certain temps pour se poser, reprendre en main leur sant\u00e9. Il faut \u00eatre vigilant apr\u00e8s ce temps d\u2019adaptation que le projet de vie se construise car l\u2019h\u00e9bergement ne doit \u00eatre qu\u2019un \u00a0tremplin\u2026. Le parrain ne fait pas les choses \u00e0 la place mais surveille que \u00e7a avance, souvent en lien avec les travailleurs sociaux et les structures partenaires comme les Petits Fr\u00e8res des Pauvres. Il attache bien \u00e9videmment beaucoup d\u2019importance au comportement. L\u2019accueilli verse une somme pour l\u2019h\u00e9bergement qui correspond \u00e0 10% de ses revenus.<\/p><p><strong>Quelques chiffres (en 2023)\u00a0: <\/strong><\/p><p>L\u2019achat d\u2019un container revient \u00e0 30\u00a0000 \u20ac.<\/p><p>3600 \u20ac par an en fonctionnement (sans les am\u00e9nagements et taxes) soit 120 \u20ac par mois d\u2019h\u00e9bergement et par personne.<\/p>\t\t\t\t\t\t<\/div>\n\t\t\t\t<\/div>\n\t\t\t\t\t<\/div>\n\t\t<\/div>\n\t\t\t\t\t<\/div>\n\t\t<\/section>\n\t\t\t\t<\/div>\n\t\t","protected":false},"excerpt":{"rendered":"<p>Le film de la premi\u00e8re pierre : Sur un terrain mis \u00e0 notre disposition par le dioc\u00e8se sur la paroisse de St Fran\u00e7ois Xavier (6\u00e8me), nous avons install\u00e9 deux containers am\u00e9nag\u00e9s et un chalet en 2019. Nous accueillons les sans-abris d\u00e9sireux de se r\u00e9ins\u00e9rer dans la soci\u00e9t\u00e9. Nous leur demandons d\u2019avoir des papiers en r\u00e8gle, &hellip; <a href=\"https:\/\/naimlabrifraternel.fr\/?page_id=53\" class=\"more-link\">Continuer la lecture<span class=\"screen-reader-text\"> de &laquo;&nbsp;Saint Fran\u00e7ois-Xavier&nbsp;&raquo;<\/span><\/a><\/p>\n","protected":false},"author":1,"featured_media":0,"parent":0,"menu_order":0,"comment_status":"closed","ping_status":"closed","template":"","meta":{"footnotes":""},"class_list":["post-53","page","type-page","status-publish","hentry"],"_links":{"self":[{"href":"https:\/\/naimlabrifraternel.fr\/index.php?rest_route=\/wp\/v2\/pages\/53","targetHints":{"allow":["GET"]}}],"collection":[{"href":"https:\/\/naimlabrifraternel.fr\/index.php?rest_route=\/wp\/v2\/pages"}],"about":[{"href":"https:\/\/naimlabrifraternel.fr\/index.php?rest_route=\/wp\/v2\/types\/page"}],"author":[{"embeddable":true,"href":"https:\/\/naimlabrifraternel.fr\/index.php?rest_route=\/wp\/v2\/users\/1"}],"replies":[{"embeddable":true,"href":"https:\/\/naimlabrifraternel.fr\/index.php?rest_route=%2Fwp%2Fv2%2Fcomments&post=53"}],"version-history":[{"count":12,"href":"https:\/\/naimlabrifraternel.fr\/index.php?rest_route=\/wp\/v2\/pages\/53\/revisions"}],"predecessor-version":[{"id":360,"href":"https:\/\/naimlabrifraternel.fr\/index.php?rest_route=\/wp\/v2\/pages\/53\/revisions\/360"}],"wp:attachment":[{"href":"https:\/\/naimlabrifraternel.fr\/index.php?rest_route=%2Fwp%2Fv2%2Fmedia&parent=53"}],"curies":[{"name":"wp","href":"https:\/\/api.w.org\/{rel}","templated":true}]}}