{"id":50,"date":"2019-07-14T08:55:11","date_gmt":"2019-07-14T06:55:11","guid":{"rendered":"http:\/\/naimlabrifraternel.fr\/?page_id=50"},"modified":"2025-02-13T21:38:14","modified_gmt":"2025-02-13T20:38:14","slug":"la-fontaine-violette","status":"publish","type":"page","link":"https:\/\/naimlabrifraternel.fr\/?page_id=50","title":{"rendered":"La Fontaine Violette"},"content":{"rendered":"\t\t<div data-elementor-type=\"wp-post\" data-elementor-id=\"50\" class=\"elementor elementor-50\">\n\t\t\t\t\t\t<section class=\"elementor-section elementor-top-section elementor-element elementor-element-b763c30 elementor-section-boxed elementor-section-height-default elementor-section-height-default\" data-id=\"b763c30\" data-element_type=\"section\">\n\t\t\t\t\t\t<div class=\"elementor-container elementor-column-gap-default\">\n\t\t\t\t\t<div class=\"elementor-column elementor-col-100 elementor-top-column elementor-element elementor-element-0f57d0a\" data-id=\"0f57d0a\" data-element_type=\"column\">\n\t\t\t<div class=\"elementor-widget-wrap elementor-element-populated\">\n\t\t\t\t\t\t<div class=\"elementor-element elementor-element-d65378d elementor-widget elementor-widget-text-editor\" data-id=\"d65378d\" data-element_type=\"widget\" data-widget_type=\"text-editor.default\">\n\t\t\t\t<div class=\"elementor-widget-container\">\n\t\t\t\t\t\t\t<p style=\"text-align: justify;\"><span style=\"font-size: 14pt; line-height: 107%; font-family: Arial, sans-serif; color: #808080;\">En parall\u00e8le des travaux sur le terrain de St Fran\u00e7ois-Xavier, l\u2019association Na\u00efm ouvre en 2019 un accueil de jour sur le Boulevard Baille (Marseille 6\u00e8) dans un local mis \u00e0 disposition par La Compagnie des Filles de la Charit\u00e9 de Saint Vincent de Paul.\u00a0<\/span><\/p><p style=\"text-align: justify;\"><span style=\"font-size: 14pt; line-height: 107%; font-family: Arial, sans-serif; color: #808080;\">Ouvert 3 matin\u00e9es par semaine, le jeudi pour les femmes et le<br \/>lundi et vendredi pour les hommes, l\u2019accueil propose aux sans-abris douches,<br \/>laveries et vestiaires afin de les aider \u00e0 garder de la dignit\u00e9 malgr\u00e9 leurs<br \/>conditions de vie difficiles.<\/span><\/p><p style=\"text-align: justify;\"><span style=\"color: #808080; font-family: Arial, sans-serif; font-size: 14pt; font-weight: var( --e-global-typography-text-font-weight );\">Lors de ces matin\u00e9es les b\u00e9n\u00e9voles se<br \/>relaient pour pr\u00e9parer un petit d\u00e9jeuner, faire la lessive et accompagner les<br \/>accueillis dans leurs d\u00e9marches administratives.\u00a0<\/span><\/p><p class=\"MsoNormal\" style=\"text-align: justify;\"><span style=\"font-size: 14pt; line-height: 107%; font-family: Arial, sans-serif; color: #808080;\">La s\u00e9r\u00e9nit\u00e9 du cadre, propice aux \u00e9changes et \u00e0 l\u2019\u00e9coute, permet aux b\u00e9n\u00e9voles d\u2019\u00e9tudier les besoins de chacun, d\u2019orienter les accueillis vers les associations adapt\u00e9es et dans certains cas, de proposer un h\u00e9bergement au sein du Village St Fran\u00e7ois Xavier.<\/span><\/p><p><strong>Quelques chiffres (en 2023)\u00a0: <\/strong><\/p><p>156 matin\u00e9es pour un total de 2811 accueils (soit \u00e0 peu pr\u00e8s 200 hommes et femmes), 1354 douches, 1121 lessives, 661 vestiaires.<\/p><p>2643 heures de b\u00e9n\u00e9volat.<\/p><p>7395 \u20ac par an en fonctionnement soit 2,64 \u20ac par personne accueillie et par matin\u00e9e.<\/p><p style=\"text-align: justify;\">\u00a0<\/p>\t\t\t\t\t\t<\/div>\n\t\t\t\t<\/div>\n\t\t\t\t\t<\/div>\n\t\t<\/div>\n\t\t\t\t\t<\/div>\n\t\t<\/section>\n\t\t\t\t<section class=\"elementor-section elementor-top-section elementor-element elementor-element-37b5cfe elementor-section-boxed elementor-section-height-default elementor-section-height-default\" data-id=\"37b5cfe\" data-element_type=\"section\">\n\t\t\t\t\t\t<div class=\"elementor-container elementor-column-gap-default\">\n\t\t\t\t\t<div class=\"elementor-column elementor-col-100 elementor-top-column elementor-element elementor-element-8ccda56\" data-id=\"8ccda56\" data-element_type=\"column\">\n\t\t\t<div class=\"elementor-widget-wrap elementor-element-populated\">\n\t\t\t\t\t\t<div class=\"elementor-element elementor-element-0877b56 elementor-widget elementor-widget-google_maps\" data-id=\"0877b56\" data-element_type=\"widget\" data-widget_type=\"google_maps.default\">\n\t\t\t\t<div class=\"elementor-widget-container\">\n\t\t\t\t\t<div class=\"elementor-custom-embed\">\n\t\t\t<iframe loading=\"lazy\"\n\t\t\t\t\tsrc=\"https:\/\/maps.google.com\/maps?q=54%20boulevard%20baille%2013006%20marseille&#038;t=m&#038;z=17&#038;output=embed&#038;iwloc=near\"\n\t\t\t\t\ttitle=\"54 boulevard baille 13006 marseille\"\n\t\t\t\t\taria-label=\"54 boulevard baille 13006 marseille\"\n\t\t\t><\/iframe>\n\t\t<\/div>\n\t\t\t\t<\/div>\n\t\t\t\t<\/div>\n\t\t\t\t\t<\/div>\n\t\t<\/div>\n\t\t\t\t\t<\/div>\n\t\t<\/section>\n\t\t\t\t<\/div>\n\t\t","protected":false},"excerpt":{"rendered":"<p>En parall\u00e8le des travaux sur le terrain de St Fran\u00e7ois-Xavier, l\u2019association Na\u00efm ouvre en 2019 un accueil de jour sur le Boulevard Baille (Marseille 6\u00e8) dans un local mis \u00e0 disposition par La Compagnie des Filles de la Charit\u00e9 de Saint Vincent de Paul.\u00a0 Ouvert 3 matin\u00e9es par semaine, le jeudi pour les femmes et &hellip; <a href=\"https:\/\/naimlabrifraternel.fr\/?page_id=50\" class=\"more-link\">Continuer la lecture<span class=\"screen-reader-text\"> de &laquo;&nbsp;La Fontaine Violette&nbsp;&raquo;<\/span><\/a><\/p>\n","protected":false},"author":1,"featured_media":0,"parent":0,"menu_order":0,"comment_status":"closed","ping_status":"closed","template":"","meta":{"footnotes":""},"class_list":["post-50","page","type-page","status-publish","hentry"],"_links":{"self":[{"href":"https:\/\/naimlabrifraternel.fr\/index.php?rest_route=\/wp\/v2\/pages\/50","targetHints":{"allow":["GET"]}}],"collection":[{"href":"https:\/\/naimlabrifraternel.fr\/index.php?rest_route=\/wp\/v2\/pages"}],"about":[{"href":"https:\/\/naimlabrifraternel.fr\/index.php?rest_route=\/wp\/v2\/types\/page"}],"author":[{"embeddable":true,"href":"https:\/\/naimlabrifraternel.fr\/index.php?rest_route=\/wp\/v2\/users\/1"}],"replies":[{"embeddable":true,"href":"https:\/\/naimlabrifraternel.fr\/index.php?rest_route=%2Fwp%2Fv2%2Fcomments&post=50"}],"version-history":[{"count":17,"href":"https:\/\/naimlabrifraternel.fr\/index.php?rest_route=\/wp\/v2\/pages\/50\/revisions"}],"predecessor-version":[{"id":434,"href":"https:\/\/naimlabrifraternel.fr\/index.php?rest_route=\/wp\/v2\/pages\/50\/revisions\/434"}],"wp:attachment":[{"href":"https:\/\/naimlabrifraternel.fr\/index.php?rest_route=%2Fwp%2Fv2%2Fmedia&parent=50"}],"curies":[{"name":"wp","href":"https:\/\/api.w.org\/{rel}","templated":true}]}}