{"id":40,"date":"2019-07-14T08:46:54","date_gmt":"2019-07-14T06:46:54","guid":{"rendered":"http:\/\/naimlabrifraternel.fr\/?page_id=40"},"modified":"2025-02-13T21:45:50","modified_gmt":"2025-02-13T20:45:50","slug":"dons","status":"publish","type":"page","link":"https:\/\/naimlabrifraternel.fr\/?page_id=40","title":{"rendered":"Dons"},"content":{"rendered":"\t\t<div data-elementor-type=\"wp-page\" data-elementor-id=\"40\" class=\"elementor elementor-40\">\n\t\t\t\t\t\t<section class=\"elementor-section elementor-top-section elementor-element elementor-element-7f3437a1 elementor-section-boxed elementor-section-height-default elementor-section-height-default\" data-id=\"7f3437a1\" data-element_type=\"section\">\n\t\t\t\t\t\t<div class=\"elementor-container elementor-column-gap-default\">\n\t\t\t\t\t<div class=\"elementor-column elementor-col-100 elementor-top-column elementor-element elementor-element-6d2e30ec\" data-id=\"6d2e30ec\" data-element_type=\"column\">\n\t\t\t<div class=\"elementor-widget-wrap elementor-element-populated\">\n\t\t\t\t\t\t<div class=\"elementor-element elementor-element-5251736b elementor-widget elementor-widget-text-editor\" data-id=\"5251736b\" data-element_type=\"widget\" data-widget_type=\"text-editor.default\">\n\t\t\t\t<div class=\"elementor-widget-container\">\n\t\t\t\t\t\t\t<p><!-- wp:shortcode --><br \/>\t\t\t<iframe\n\t\t\t\tid=\"idIframe\"\n\t\t\t\tsrc=\"https:\/\/www.helloasso.com\/associations\/naim-l-abri-fraternel\/formulaires\/2\/widget\"\n\t\t\t\theight=750px\"\t\t\t\twidth=100%\"\t\t\t\tframeborder=\"0\"\n\t\t\t\tloading=\"lazy\"\n\t\t\t\tallowtransparency=\"true\"\n\t\t\t\tonload=\"resizeIframeMessage()\"><\/iframe>\n<br \/><!-- \/wp:shortcode --><\/p>\n<p><!-- wp:paragraph --><\/p>\n<p><!-- \/wp:paragraph --><\/p>\n<p><!-- wp:paragraph --><\/p>\n<p>\u00a0<\/p>\n<p><!-- \/wp:list-item --><\/p>\n<p><!-- \/wp:list --><\/p>\t\t\t\t\t\t<\/div>\n\t\t\t\t<\/div>\n\t\t\t\t\t<\/div>\n\t\t<\/div>\n\t\t\t\t\t<\/div>\n\t\t<\/section>\n\t\t\t\t<section class=\"elementor-section elementor-top-section elementor-element elementor-element-6e45308 elementor-section-boxed elementor-section-height-default elementor-section-height-default\" data-id=\"6e45308\" data-element_type=\"section\">\n\t\t\t\t\t\t<div class=\"elementor-container elementor-column-gap-default\">\n\t\t\t\t\t<div class=\"elementor-column elementor-col-100 elementor-top-column elementor-element elementor-element-3de0006\" data-id=\"3de0006\" data-element_type=\"column\">\n\t\t\t<div class=\"elementor-widget-wrap\">\n\t\t\t\t\t\t\t<\/div>\n\t\t<\/div>\n\t\t\t\t\t<\/div>\n\t\t<\/section>\n\t\t\t\t<section class=\"elementor-section elementor-top-section elementor-element elementor-element-f92d65e elementor-section-boxed elementor-section-height-default elementor-section-height-default\" data-id=\"f92d65e\" data-element_type=\"section\">\n\t\t\t\t\t\t<div class=\"elementor-container elementor-column-gap-default\">\n\t\t\t\t\t<div class=\"elementor-column elementor-col-100 elementor-top-column elementor-element elementor-element-29084f5\" data-id=\"29084f5\" data-element_type=\"column\">\n\t\t\t<div class=\"elementor-widget-wrap elementor-element-populated\">\n\t\t\t\t\t\t<div class=\"elementor-element elementor-element-4a47373 elementor-widget elementor-widget-text-editor\" data-id=\"4a47373\" data-element_type=\"widget\" data-widget_type=\"text-editor.default\">\n\t\t\t\t<div class=\"elementor-widget-container\">\n\t\t\t\t\t\t\t<p><strong><span style=\"color: #339966;\">Dons financiers<\/span><\/strong><\/p>\n<p><strong>Pour p\u00e9renniser nos actions et nous soutenir dans nos projets en cours, nous avons besoin de votre aide.<br \/><\/strong><strong style=\"color: var( --e-global-color-text ); font-family: var( --e-global-typography-text-font-family ), Sans-serif; font-size: 1rem;\">MERCI.<\/strong><\/p>\n<p>L\u2019association Na\u00efm l\u2019Abri Fraternel est une association loi 1901, \u00e0 caract\u00e8re social, reconnue d\u2019int\u00e9r\u00eat g\u00e9n\u00e9ral, qui ne vit que de dons (financiers et mat\u00e9riels).<br \/>A<span style=\"color: var( --e-global-color-text ); font-family: var( --e-global-typography-text-font-family ), Sans-serif; font-weight: var( --e-global-typography-text-font-weight ); font-size: 1rem;\">\u00a0ce titre, nous sommes habilit\u00e9s \u00e0 \u00e9mettre des re\u00e7us fiscaux permettant aux donateurs de d\u00e9duire de leurs imp\u00f4ts 66 % des sommes vers\u00e9es (ils sont adress\u00e9s par mail ou par courrier en janvier de l\u2019ann\u00e9e N+1 pour les dons de l\u2019ann\u00e9e N).<\/span><\/p>\n<p><span style=\"color: #339966;\">Moyens de versement\u00a0:<br \/><\/span><span style=\"color: var( --e-global-color-text ); font-family: var( --e-global-typography-text-font-family ), Sans-serif; font-size: 1rem; font-weight: var( --e-global-typography-text-font-weight );\">&#8211; Par ch\u00e8que \u00e0 l\u2019ordre de Na\u00efm l\u2019Abri fraternel \u00e0 retourner \u00e0 Na\u00efm L\u2019Abri fraternel 23, boulevard Aguillon 13009 Marseille<br \/><\/span><span style=\"color: var( --e-global-color-text ); font-family: var( --e-global-typography-text-font-family ), Sans-serif; font-size: 1rem; font-weight: var( --e-global-typography-text-font-weight );\">&#8211; Par virement : IBAN : FR74 3000 2029 0300 0007 0611 P78 ; BIC : CRLYFRPP<br \/><\/span><span style=\"color: var( --e-global-color-text ); font-family: var( --e-global-typography-text-font-family ), Sans-serif; font-size: 1rem; font-weight: var( --e-global-typography-text-font-weight );\">&#8211; Par PayPal, moyen de paiement s\u00e9curis\u00e9 (au bas de la page)<br \/><\/span><span style=\"color: var( --e-global-color-text ); font-family: var( --e-global-typography-text-font-family ), Sans-serif; font-size: 1rem; font-weight: var( --e-global-typography-text-font-weight );\">&#8211; Par le site s\u00e9curis\u00e9 Hello Asso (ci-dessus)<\/span><\/p>\n<p><strong><span style=\"color: #339966;\">Dons de produits alimentaires et d\u2019hygi\u00e8ne<\/span><\/strong><\/p>\n<p>Nous avons besoin de produits secs pour les petits d\u00e9jeuners\u00a0: caf\u00e9 moulu, chocolat en poudre, th\u00e9, sucre, biscuits, pains d\u2019\u00e9pices, cakes, quatre-quarts, confitures, confiseries (le pain frais est achet\u00e9, le lait et le beurre sont fournis par la Banque Alimentaire).<\/p>\n<p>Les produits d\u2019hygi\u00e8ne sont aussi les bienvenus\u00a0: rasoirs jetables, mouchoirs en papier, mousse \u00e0 raser, brosses \u00e0 dents, dentifrice, gels douches, savons\u2026 Merci de nous contacter pour pr\u00e9ciser les besoins du moment.<\/p>\n<p><strong><span style=\"color: #339966;\">Dons de v\u00eatements<\/span><\/strong><\/p>\n<p>Pour les v\u00eatements, afin d\u2019\u00e9viter d\u2019avoir \u00e0 trop trier, nous avons besoin de\u00a0:<br \/>Chaussettes<br \/>Cale\u00e7ons ou slips (neufs)<br \/>Bas de joggings<br \/>Tee-shirts<br \/>Jeans<br \/>Chaussures de sports<br \/>Vestes chaudes de type polaires<br \/>Anoraks<br \/>Bonnets<br \/>Duvets<br \/>Sacs \u00e0 dos<\/p>\t\t\t\t\t\t<\/div>\n\t\t\t\t<\/div>\n\t\t\t\t\t<\/div>\n\t\t<\/div>\n\t\t\t\t\t<\/div>\n\t\t<\/section>\n\t\t\t\t<\/div>\n\t\t","protected":false},"excerpt":{"rendered":"<p>\u00a0 Dons financiers Pour p\u00e9renniser nos actions et nous soutenir dans nos projets en cours, nous avons besoin de votre aide.MERCI. L\u2019association Na\u00efm l\u2019Abri Fraternel est une association loi 1901, \u00e0 caract\u00e8re social, reconnue d\u2019int\u00e9r\u00eat g\u00e9n\u00e9ral, qui ne vit que de dons (financiers et mat\u00e9riels).A\u00a0ce titre, nous sommes habilit\u00e9s \u00e0 \u00e9mettre des re\u00e7us fiscaux permettant &hellip; <a href=\"https:\/\/naimlabrifraternel.fr\/?page_id=40\" class=\"more-link\">Continuer la lecture<span class=\"screen-reader-text\"> de &laquo;&nbsp;Dons&nbsp;&raquo;<\/span><\/a><\/p>\n","protected":false},"author":1,"featured_media":0,"parent":0,"menu_order":0,"comment_status":"closed","ping_status":"closed","template":"","meta":{"footnotes":""},"class_list":["post-40","page","type-page","status-publish","hentry"],"_links":{"self":[{"href":"https:\/\/naimlabrifraternel.fr\/index.php?rest_route=\/wp\/v2\/pages\/40","targetHints":{"allow":["GET"]}}],"collection":[{"href":"https:\/\/naimlabrifraternel.fr\/index.php?rest_route=\/wp\/v2\/pages"}],"about":[{"href":"https:\/\/naimlabrifraternel.fr\/index.php?rest_route=\/wp\/v2\/types\/page"}],"author":[{"embeddable":true,"href":"https:\/\/naimlabrifraternel.fr\/index.php?rest_route=\/wp\/v2\/users\/1"}],"replies":[{"embeddable":true,"href":"https:\/\/naimlabrifraternel.fr\/index.php?rest_route=%2Fwp%2Fv2%2Fcomments&post=40"}],"version-history":[{"count":33,"href":"https:\/\/naimlabrifraternel.fr\/index.php?rest_route=\/wp\/v2\/pages\/40\/revisions"}],"predecessor-version":[{"id":437,"href":"https:\/\/naimlabrifraternel.fr\/index.php?rest_route=\/wp\/v2\/pages\/40\/revisions\/437"}],"wp:attachment":[{"href":"https:\/\/naimlabrifraternel.fr\/index.php?rest_route=%2Fwp%2Fv2%2Fmedia&parent=40"}],"curies":[{"name":"wp","href":"https:\/\/api.w.org\/{rel}","templated":true}]}}