{"id":37,"date":"2019-07-14T08:46:53","date_gmt":"2019-07-14T06:46:53","guid":{"rendered":"http:\/\/naimlabrifraternel.fr\/?page_id=37"},"modified":"2025-04-04T17:59:55","modified_gmt":"2025-04-04T15:59:55","slug":"lequipe","status":"publish","type":"page","link":"https:\/\/naimlabrifraternel.fr\/?page_id=37","title":{"rendered":"Les acteurs"},"content":{"rendered":"\t\t<div data-elementor-type=\"wp-post\" data-elementor-id=\"37\" class=\"elementor elementor-37\">\n\t\t\t\t\t\t<section class=\"elementor-section elementor-top-section elementor-element elementor-element-f921ec3 elementor-section-boxed elementor-section-height-default elementor-section-height-default\" data-id=\"f921ec3\" data-element_type=\"section\">\n\t\t\t\t\t\t<div class=\"elementor-container elementor-column-gap-default\">\n\t\t\t\t\t<div class=\"elementor-column elementor-col-100 elementor-top-column elementor-element elementor-element-67ff945\" data-id=\"67ff945\" data-element_type=\"column\">\n\t\t\t<div class=\"elementor-widget-wrap elementor-element-populated\">\n\t\t\t\t\t\t<div class=\"elementor-element elementor-element-62a583f elementor-widget elementor-widget-accordion\" data-id=\"62a583f\" data-element_type=\"widget\" data-widget_type=\"accordion.default\">\n\t\t\t\t<div class=\"elementor-widget-container\">\n\t\t\t\t\t<div class=\"elementor-accordion\">\n\t\t\t\t\t\t\t<div class=\"elementor-accordion-item\">\n\t\t\t\t\t<div id=\"elementor-tab-title-1031\" class=\"elementor-tab-title\" data-tab=\"1\" role=\"button\" aria-controls=\"elementor-tab-content-1031\" aria-expanded=\"false\">\n\t\t\t\t\t\t\t\t\t\t\t\t\t<span class=\"elementor-accordion-icon elementor-accordion-icon-left\" aria-hidden=\"true\">\n\t\t\t\t\t\t\t\t\t\t\t\t\t\t\t<span class=\"elementor-accordion-icon-closed\"><i class=\"fas fa-plus\"><\/i><\/span>\n\t\t\t\t\t\t\t\t<span class=\"elementor-accordion-icon-opened\"><i class=\"fas fa-minus\"><\/i><\/span>\n\t\t\t\t\t\t\t\t\t\t\t\t\t\t<\/span>\n\t\t\t\t\t\t\t\t\t\t\t\t<a class=\"elementor-accordion-title\" tabindex=\"0\">Le chef de projet (pr\u00e9sident)<\/a>\n\t\t\t\t\t<\/div>\n\t\t\t\t\t<div id=\"elementor-tab-content-1031\" class=\"elementor-tab-content elementor-clearfix\" data-tab=\"1\" role=\"region\" aria-labelledby=\"elementor-tab-title-1031\"><p><!-- wp:paragraph --><\/p>\n<p><!-- \/wp:paragraph --><!-- wp:paragraph --><\/p>\n<p><strong><img fetchpriority=\"high\" decoding=\"async\" class=\"alignleft wp-image-131 size-medium\" src=\"https:\/\/naimlabrifraternel.fr\/wp-content\/uploads\/2019\/07\/Portrait_pierre-e1564574190607-200x300.jpg\" alt=\"\" width=\"200\" height=\"300\">Pierre Atlante<\/strong>&nbsp;a agi depuis 28 ans aupr\u00e8s des plus pauvres comme responsable et coordonnateur de l\u2019Accueil Mobile de nuit du Secours Catholique.<\/p>\n<p>Ancien militaire, \u00e0 la retraite depuis 2019, ordonn\u00e9 <strong>diacre permanent<\/strong>&nbsp;du dioc\u00e8se de Marseille le 29 mai 2021, il exerce sa mission \u00e0 la paroisse Sainte-Marguerite-Le Redon.<\/p>\n<p>Il a re\u00e7u en 2013 de Mme Marie-Arlette Carlotti, Ministre d\u00e9l\u00e9gu\u00e9e aux Handicap\u00e9s et \u00e0 la lutte contre l&rsquo;Exclusion, les insignes de <strong>Chevalier dans l\u2019ordre National du M\u00e9rite<\/strong>&nbsp;pour son action dans la lutte contre l\u2019exclusion.<\/p>\n<p>Le 30 janvier 2023, il a \u00e9t\u00e9 fait <b>Chevalier de la L\u00e9gion d\u2019Honneur<\/b> et d\u00e9cor\u00e9 par M. Gabriel Attal, ministre d\u00e9l\u00e9gu\u00e9 charg\u00e9 des Comptes publics.<\/p>\n<p>La cr\u00e9ation de l\u2019Association Na\u00efm l\u2019Abri fraternel s\u2019inscrit dans une volont\u00e9 d\u2019offrir un soutien plus durable aux personnes sans domicile. L\u2019id\u00e9e murit depuis plusieurs ann\u00e9es : le service des pauvres fait partie de son projet de vie depuis son plus jeune \u00e2ge. Se mettre au service des plus pauvres est \u00e9galement une mission de son minist\u00e8re d\u2019\u00e9glise.<\/p>\n<p><!-- \/wp:paragraph --><!-- wp:paragraph --><!-- \/wp:paragraph --><!-- wp:paragraph --><\/p>\n<p><\/p>\n<p><!-- \/wp:paragraph --><!-- wp:paragraph --><\/p>\n<p><!-- \/wp:list --><\/p><\/div>\n\t\t\t\t<\/div>\n\t\t\t\t\t\t\t<div class=\"elementor-accordion-item\">\n\t\t\t\t\t<div id=\"elementor-tab-title-1032\" class=\"elementor-tab-title\" data-tab=\"2\" role=\"button\" aria-controls=\"elementor-tab-content-1032\" aria-expanded=\"false\">\n\t\t\t\t\t\t\t\t\t\t\t\t\t<span class=\"elementor-accordion-icon elementor-accordion-icon-left\" aria-hidden=\"true\">\n\t\t\t\t\t\t\t\t\t\t\t\t\t\t\t<span class=\"elementor-accordion-icon-closed\"><i class=\"fas fa-plus\"><\/i><\/span>\n\t\t\t\t\t\t\t\t<span class=\"elementor-accordion-icon-opened\"><i class=\"fas fa-minus\"><\/i><\/span>\n\t\t\t\t\t\t\t\t\t\t\t\t\t\t<\/span>\n\t\t\t\t\t\t\t\t\t\t\t\t<a class=\"elementor-accordion-title\" tabindex=\"0\">L'\u00e9quipe initiale<\/a>\n\t\t\t\t\t<\/div>\n\t\t\t\t\t<div id=\"elementor-tab-content-1032\" class=\"elementor-tab-content elementor-clearfix\" data-tab=\"2\" role=\"region\" aria-labelledby=\"elementor-tab-title-1032\"><p>\u00c0 la cr\u00e9ation de l\u2019Association en 2017, Pierre Atlante a constitu\u00e9 une \u00e9quipe de personnes engag\u00e9es aupr\u00e8s de l\u2019Accueil Mobile de Nuit. Elles ont adh\u00e9r\u00e9 \u00e0 son projet et se sont engag\u00e9es avec beaucoup d\u2019\u00e9nergie et d\u2019enthousiasme.<\/p>\n<p>Les membres fondateurs sont\u00a0: Pierre Atlante (pr\u00e9sident), Elisabeth et Philippe Maestraggi et Chantal Coquillion (retrait\u00e9s aujourd\u2019hui et membres du bureau de l\u2019Association).<\/p>\n<p><!-- \/wp:paragraph --><!-- wp:list --><\/p>\n<p><img decoding=\"async\" class=\"alignleft wp-image-145 size-full\" src=\"https:\/\/naimlabrifraternel.fr\/wp-content\/uploads\/2019\/08\/Chantal-e1564664651893.jpg\" alt=\"\" width=\"100\" height=\"105\" \/><\/p>\n<p><strong>Chantal Coquillion<\/strong><\/p>\n<p>\u00a0<\/p>\n<p>\u00a0<\/p>\n<p><img decoding=\"async\" class=\"wp-image-150 size-full alignleft\" src=\"https:\/\/naimlabrifraternel.fr\/wp-content\/uploads\/2019\/08\/Elisabeth-e1564665383354.jpg\" alt=\"\" width=\"100\" height=\"106\" \/><\/p>\n<p><strong>Elisabeth Maestraggi<\/strong><\/p>\n<p>\u00a0<\/p>\n<p>\u00a0<\/p>\n<p><strong><img loading=\"lazy\" decoding=\"async\" class=\"wp-image-151 size-full alignleft\" src=\"https:\/\/naimlabrifraternel.fr\/wp-content\/uploads\/2019\/08\/Philippe-e1564665466479.jpg\" alt=\"\" width=\"100\" height=\"104\" \/><\/strong><\/p>\n<p><strong>Philippe Maestraggi<\/strong><\/p><\/div>\n\t\t\t\t<\/div>\n\t\t\t\t\t\t\t<div class=\"elementor-accordion-item\">\n\t\t\t\t\t<div id=\"elementor-tab-title-1033\" class=\"elementor-tab-title\" data-tab=\"3\" role=\"button\" aria-controls=\"elementor-tab-content-1033\" aria-expanded=\"false\">\n\t\t\t\t\t\t\t\t\t\t\t\t\t<span class=\"elementor-accordion-icon elementor-accordion-icon-left\" aria-hidden=\"true\">\n\t\t\t\t\t\t\t\t\t\t\t\t\t\t\t<span class=\"elementor-accordion-icon-closed\"><i class=\"fas fa-plus\"><\/i><\/span>\n\t\t\t\t\t\t\t\t<span class=\"elementor-accordion-icon-opened\"><i class=\"fas fa-minus\"><\/i><\/span>\n\t\t\t\t\t\t\t\t\t\t\t\t\t\t<\/span>\n\t\t\t\t\t\t\t\t\t\t\t\t<a class=\"elementor-accordion-title\" tabindex=\"0\">Le Bureau en 2025<\/a>\n\t\t\t\t\t<\/div>\n\t\t\t\t\t<div id=\"elementor-tab-content-1033\" class=\"elementor-tab-content elementor-clearfix\" data-tab=\"3\" role=\"region\" aria-labelledby=\"elementor-tab-title-1033\"><p><!-- \/wp:paragraph --><!-- wp:list --><\/p>\n<p><strong>Pierre Atlante<br \/><\/strong>Pr\u00e9sident (membre fondateur)<\/p>\n<p><strong>Pierre Dobras <br \/><\/strong>Vice-Pr\u00e9sident ; Responsable travaux et am\u00e9lioration des b\u00e2timents<\/p>\n<p><strong>Chantal Coquillion <br \/><\/strong>Tr\u00e9sori\u00e8re\u00a0; r\u00e9f\u00e9rente accueil Fontaine Violette du lundi (membre fondateur)<\/p>\n<p><span style=\"font-weight: bold;\">Mich\u00e8le Establier-Lacaux<br \/><\/span><span style=\"color: var( --e-global-color-text ); font-family: var( --e-global-typography-text-font-family ), Sans-serif; font-size: 1rem; font-weight: var( --e-global-typography-text-font-weight );\">Secr\u00e9taire ; <\/span>Communication sur les r\u00e9seaux sociaux<\/p><\/div>\n\t\t\t\t<\/div>\n\t\t\t\t\t\t\t<div class=\"elementor-accordion-item\">\n\t\t\t\t\t<div id=\"elementor-tab-title-1034\" class=\"elementor-tab-title\" data-tab=\"4\" role=\"button\" aria-controls=\"elementor-tab-content-1034\" aria-expanded=\"false\">\n\t\t\t\t\t\t\t\t\t\t\t\t\t<span class=\"elementor-accordion-icon elementor-accordion-icon-left\" aria-hidden=\"true\">\n\t\t\t\t\t\t\t\t\t\t\t\t\t\t\t<span class=\"elementor-accordion-icon-closed\"><i class=\"fas fa-plus\"><\/i><\/span>\n\t\t\t\t\t\t\t\t<span class=\"elementor-accordion-icon-opened\"><i class=\"fas fa-minus\"><\/i><\/span>\n\t\t\t\t\t\t\t\t\t\t\t\t\t\t<\/span>\n\t\t\t\t\t\t\t\t\t\t\t\t<a class=\"elementor-accordion-title\" tabindex=\"0\">Le Conseil d'administration en 2025<\/a>\n\t\t\t\t\t<\/div>\n\t\t\t\t\t<div id=\"elementor-tab-content-1034\" class=\"elementor-tab-content elementor-clearfix\" data-tab=\"4\" role=\"region\" aria-labelledby=\"elementor-tab-title-1034\"><p>Se rajoutent aussi les membres du Conseil d\u2019Administration, \u00e9galement souvent b\u00e9n\u00e9voles actifs \u00e0 l\u2019Accueil Mobile de nuit qui ont souhait\u00e9\u00a0<span style=\"color: var( --e-global-color-text ); font-family: var( --e-global-typography-text-font-family ), Sans-serif; font-weight: var( --e-global-typography-text-font-weight ); font-size: 1rem;\">\u00ab\u00a0<\/span><span style=\"color: var( --e-global-color-text ); font-family: var( --e-global-typography-text-font-family ), Sans-serif; font-weight: var( --e-global-typography-text-font-weight ); font-size: 1rem;\">aller plus loin\u00a0\u00bb\u00a0dans leur engagement et apporter leur aide dans de nombreux domaines : social, m\u00e9dical, administratif, financier, juridique, construction immobili\u00e8re, bricolage, entretien, mat\u00e9riaux de construction\u2026<\/span><\/p>\n<p><span style=\"font-weight: bold;\">Philippe<\/span><span style=\"font-weight: bold;\">\u00a0Maestraggi<br \/><\/span><span style=\"color: var( --e-global-color-text ); font-family: var( --e-global-typography-text-font-family ), Sans-serif; font-size: 1rem; font-weight: var( --e-global-typography-text-font-weight );\">Membre fondateur<\/span><\/p>\n<p><b style=\"color: var( --e-global-color-text ); font-family: var( --e-global-typography-text-font-family ), Sans-serif; font-size: 1rem;\"><span style=\"font-weight: bold;\">Elisabeth<\/span><span style=\"font-weight: bold;\">\u00a0Maestraggi<br \/><\/span><span style=\"color: var( --e-global-color-text ); font-family: var( --e-global-typography-text-font-family ), Sans-serif; font-size: 1rem; font-weight: var( --e-global-typography-text-font-weight );\">R\u00e9f\u00e9rente accueil Fontaine Violette du vendredi (membre fondateur)<\/span><\/b><\/p>\n<p><b style=\"color: var( --e-global-color-text ); font-family: var( --e-global-typography-text-font-family ), Sans-serif; font-size: 1rem;\">Catherine Pon\u00e7on<br \/><\/b><span style=\"color: var( --e-global-color-text ); font-family: var( --e-global-typography-text-font-family ), Sans-serif; font-size: 1rem; font-weight: var( --e-global-typography-text-font-weight );\">R\u00e9f\u00e9rente accueil Fontaine Violette du jeudi<\/span><\/p>\n<p><b>Bruno Choux<br \/><\/b><span style=\"color: var( --e-global-color-text ); font-family: var( --e-global-typography-text-font-family ), Sans-serif; font-weight: var( --e-global-typography-text-font-weight ); font-size: 1rem;\">Architecte<\/span><\/p>\n<p><b>Christophe Gaillard<br \/><\/b><span style=\"color: var( --e-global-color-text ); font-family: var( --e-global-typography-text-font-family ), Sans-serif; font-weight: var( --e-global-typography-text-font-weight ); font-size: 1rem;\">Juriste<\/span><\/p>\n<p><b>Jacques Moreau<br \/><\/b><span style=\"color: var( --e-global-color-text ); font-family: var( --e-global-typography-text-font-family ), Sans-serif; font-weight: var( --e-global-typography-text-font-weight ); font-size: 1rem;\">M\u00e9decin<\/span><\/p>\n<p>L\u2019aum\u00f4nier du Secours catholique, membre de droit<br \/><strong style=\"color: var( --e-global-color-text ); font-family: var( --e-global-typography-text-font-family ), Sans-serif; font-size: 1rem;\">Christian Papazian<\/strong><span style=\"color: var( --e-global-color-text ); font-family: var( --e-global-typography-text-font-family ), Sans-serif; font-weight: var( --e-global-typography-text-font-weight ); font-size: 1rem;\"> (actuellement)<\/span><\/p><\/div>\n\t\t\t\t<\/div>\n\t\t\t\t\t\t\t<div class=\"elementor-accordion-item\">\n\t\t\t\t\t<div id=\"elementor-tab-title-1035\" class=\"elementor-tab-title\" data-tab=\"5\" role=\"button\" aria-controls=\"elementor-tab-content-1035\" aria-expanded=\"false\">\n\t\t\t\t\t\t\t\t\t\t\t\t\t<span class=\"elementor-accordion-icon elementor-accordion-icon-left\" aria-hidden=\"true\">\n\t\t\t\t\t\t\t\t\t\t\t\t\t\t\t<span class=\"elementor-accordion-icon-closed\"><i class=\"fas fa-plus\"><\/i><\/span>\n\t\t\t\t\t\t\t\t<span class=\"elementor-accordion-icon-opened\"><i class=\"fas fa-minus\"><\/i><\/span>\n\t\t\t\t\t\t\t\t\t\t\t\t\t\t<\/span>\n\t\t\t\t\t\t\t\t\t\t\t\t<a class=\"elementor-accordion-title\" tabindex=\"0\">Les b\u00e9n\u00e9voles<\/a>\n\t\t\t\t\t<\/div>\n\t\t\t\t\t<div id=\"elementor-tab-content-1035\" class=\"elementor-tab-content elementor-clearfix\" data-tab=\"5\" role=\"region\" aria-labelledby=\"elementor-tab-title-1035\"><p>Les b\u00e9n\u00e9voles ont un r\u00f4le important dans le lien que nous voulons cr\u00e9er avec nos fr\u00e8res et s\u0153urs de la rue. Ils assurent en particulier les permanences de l\u2019accueil de Fontaine Violette.<\/p><p><span style=\"color: var( --e-global-color-text ); font-family: var( --e-global-typography-text-font-family ), Sans-serif; font-size: 1rem; font-weight: var( --e-global-typography-text-font-weight );\">6 \u00e0 8 b\u00e9n\u00e9voles par matin\u00e9e d\u2019ouverture afin de pr\u00e9parer les petits d\u00e9jeuners, g\u00e9rer l\u2019accueil des douches et des lessives. Et bien s\u00fbr, avoir un sourire et un mot pour chacun afin de susciter une bonne ambiance, de faire face \u00e0 d\u2019\u00e9ventuels conflits. Sans oublier la gestion des conditions mat\u00e9rielles (m\u00e9nage, approvisionnement, \u00e9valuation de l\u2019activit\u00e9, liens entre b\u00e9n\u00e9voles via un groupe WhatsApp).<\/span><br><\/p>\n<p>Un poste sp\u00e9cifique et particuli\u00e8rement utile&nbsp;: <span style=\"text-decoration: underline;\">le vestiaire<\/span> avec toute la gestion des v\u00eatements re\u00e7us (tri, classement, nettoyage) et gestion des dons aux accueillis.<\/p>\n<p>Un autre poste important est celui du <span style=\"text-decoration: underline;\">lien avec la Banque alimentaire<\/span> qui nous fournit les produits alimentaires&nbsp;: gestion des commandes, approvisionnement sur le site de la Pomme et distribution aupr\u00e8s de notre accueil de jour.<\/p>\n<p><\/p>\n<p><em><u style=\"\"><b>A noter&nbsp;: l\u2019accompagnateur ou parrain&nbsp;:<br><\/b><\/u><\/em><em style=\"color: var( --e-global-color-text ); font-family: var( --e-global-typography-text-font-family ), Sans-serif; font-weight: var( --e-global-typography-text-font-weight ); font-size: 1rem;\">Na\u00efm l\u2019Abri Fraternel met l\u2019accent sur l\u2019importance d\u2019un r\u00e9f\u00e9rent pour chaque personne re\u00e7ue dans le village, que nous appelons \u00ab\u00a0parrain\u00a0\u00bb, r\u00f4le capital dans notre structure.<\/em><\/p>\n<p><em>Il est charg\u00e9 de suivre individuellement son \u00ab\u00a0filleul\u00a0\u00bb. A chaque arriv\u00e9e d\u2019un nouveau r\u00e9sident, nous proposons \u00e0 1 ou 2 b\u00e9n\u00e9voles de le prendre en charge. L\u2019accompagnement d\u00e9marre en amont de l\u2019arriv\u00e9e au village et se poursuit sur place. Le parrain est la personne qui sert de lien personnalis\u00e9 avec les \u00e9quipes en place, dont la paroisse, et il \u00e9paule le r\u00e9sident dans son quotidien.<\/em><\/p>\n<p><em>&nbsp;<\/em><em style=\"color: var( --e-global-color-text ); font-family: var( --e-global-typography-text-font-family ), Sans-serif; font-weight: var( --e-global-typography-text-font-weight ); font-size: 1rem;\">Et les amis<br><\/em><em style=\"color: var( --e-global-color-text ); font-family: var( --e-global-typography-text-font-family ), Sans-serif; font-weight: var( --e-global-typography-text-font-weight ); font-size: 1rem;\">De nombreux b\u00e9n\u00e9voles sont appel\u00e9s \u00e0 aider ponctuellement pour la construction, les travaux et les am\u00e9liorations dans le village. Ils sont toujours pr\u00eats \u00e0 donner un \u00ab\u00a0coup de main\u00a0\u00bb et leur aide est pr\u00e9cieuse.<\/em><em style=\"color: var( --e-global-color-text ); font-family: var( --e-global-typography-text-font-family ), Sans-serif; font-weight: var( --e-global-typography-text-font-weight ); font-size: 1rem;\"><br><\/em><\/p><\/div>\n\t\t\t\t<\/div>\n\t\t\t\t\t\t\t<div class=\"elementor-accordion-item\">\n\t\t\t\t\t<div id=\"elementor-tab-title-1036\" class=\"elementor-tab-title\" data-tab=\"6\" role=\"button\" aria-controls=\"elementor-tab-content-1036\" aria-expanded=\"false\">\n\t\t\t\t\t\t\t\t\t\t\t\t\t<span class=\"elementor-accordion-icon elementor-accordion-icon-left\" aria-hidden=\"true\">\n\t\t\t\t\t\t\t\t\t\t\t\t\t\t\t<span class=\"elementor-accordion-icon-closed\"><i class=\"fas fa-plus\"><\/i><\/span>\n\t\t\t\t\t\t\t\t<span class=\"elementor-accordion-icon-opened\"><i class=\"fas fa-minus\"><\/i><\/span>\n\t\t\t\t\t\t\t\t\t\t\t\t\t\t<\/span>\n\t\t\t\t\t\t\t\t\t\t\t\t<a class=\"elementor-accordion-title\" tabindex=\"0\">Les soutiens<\/a>\n\t\t\t\t\t<\/div>\n\t\t\t\t\t<div id=\"elementor-tab-content-1036\" class=\"elementor-tab-content elementor-clearfix\" data-tab=\"6\" role=\"region\" aria-labelledby=\"elementor-tab-title-1036\"><p>Ce projet est soutenu par :<\/p>\n<ul>\n<li>Monseigneur <strong>Georges PONTIER<\/strong>, archev\u00eaque \u00e9m\u00e9rite du dioc\u00e8se de Marseille<\/li>\n<li>Son Excellence le Cardinal <strong>Jean-Marc AVELINE,<\/strong> Archev\u00eaque m\u00e9tropolitain de Marseille<\/li>\n<li>P\u00e8re <strong>Christophe PURGU<\/strong>, Cur\u00e9 de l\u2019ensemble paroissial du plateau (Saint Barnab\u00e9 &#8211; Beaumont &#8211; Bois-Luzy &#8211; Les Caillols &#8211; Saint-Augustin &#8211; Saint-Julien)<\/li>\n<li>P\u00e8re <strong>Laurent NOTARESCHI<\/strong>, Cur\u00e9 de la paroisse Bienheureux Jean-Baptiste Fouque (Sainte-Anne et Saint-Fran\u00e7ois-Xavier)<\/li>\n<li>P\u00e8re <b>Joseph AZONHOUMON<\/b>, administrateur paroissial de l&rsquo;ensemble paroissial Saint-Marcel (Saint-Marcel &#8211; Saint-Etienne (La Valbarelle) &#8211; Saint-Dominique (La Pomme) &#8211; Sainte-Jeanne d&rsquo;Arc (La Barasse) &#8211; Notre-Dame-des-Ap\u00f4tres (La Pommeraie))<\/li>\n<li>P\u00e8re<strong> Christian PAPAZIAN, <\/strong>cur\u00e9 de l\u2019ensemble pastoral (Roquevaire &#8211; Lascours &#8211; Pont de l\u2019Etoile), actuellement aum\u00f4nier de la D\u00e9l\u00e9gation de Marseille du Secours Catholique<\/li>\n<li>P\u00e8re <strong>Jordi LLAMBRICH<\/strong><\/li>\n<li>Une \u00e9quipe d\u2019une trentaine de b\u00e9n\u00e9voles<\/li>\n<li>Les Scouts et Guides de France,<\/li>\n<li>Et un grand nombre de paroissiens du dioc\u00e8se de Marseille\u2026<\/li>\n<\/ul><\/div>\n\t\t\t\t<\/div>\n\t\t\t\t\t\t\t\t<\/div>\n\t\t\t\t<\/div>\n\t\t\t\t<\/div>\n\t\t\t\t\t<\/div>\n\t\t<\/div>\n\t\t\t\t\t<\/div>\n\t\t<\/section>\n\t\t\t\t<\/div>\n\t\t","protected":false},"excerpt":{"rendered":"<p>Le chef de projet (pr\u00e9sident) Pierre Atlante&nbsp;a agi depuis 28 ans aupr\u00e8s des plus pauvres comme responsable et coordonnateur de l\u2019Accueil Mobile de nuit du Secours Catholique. Ancien militaire, \u00e0 la retraite depuis 2019, ordonn\u00e9 diacre permanent&nbsp;du dioc\u00e8se de Marseille le 29 mai 2021, il exerce sa mission \u00e0 la paroisse Sainte-Marguerite-Le Redon. Il a &hellip; <a href=\"https:\/\/naimlabrifraternel.fr\/?page_id=37\" class=\"more-link\">Continuer la lecture<span class=\"screen-reader-text\"> de &laquo;&nbsp;Les acteurs&nbsp;&raquo;<\/span><\/a><\/p>\n","protected":false},"author":1,"featured_media":0,"parent":0,"menu_order":0,"comment_status":"closed","ping_status":"closed","template":"","meta":{"footnotes":""},"class_list":["post-37","page","type-page","status-publish","hentry"],"_links":{"self":[{"href":"https:\/\/naimlabrifraternel.fr\/index.php?rest_route=\/wp\/v2\/pages\/37","targetHints":{"allow":["GET"]}}],"collection":[{"href":"https:\/\/naimlabrifraternel.fr\/index.php?rest_route=\/wp\/v2\/pages"}],"about":[{"href":"https:\/\/naimlabrifraternel.fr\/index.php?rest_route=\/wp\/v2\/types\/page"}],"author":[{"embeddable":true,"href":"https:\/\/naimlabrifraternel.fr\/index.php?rest_route=\/wp\/v2\/users\/1"}],"replies":[{"embeddable":true,"href":"https:\/\/naimlabrifraternel.fr\/index.php?rest_route=%2Fwp%2Fv2%2Fcomments&post=37"}],"version-history":[{"count":109,"href":"https:\/\/naimlabrifraternel.fr\/index.php?rest_route=\/wp\/v2\/pages\/37\/revisions"}],"predecessor-version":[{"id":516,"href":"https:\/\/naimlabrifraternel.fr\/index.php?rest_route=\/wp\/v2\/pages\/37\/revisions\/516"}],"wp:attachment":[{"href":"https:\/\/naimlabrifraternel.fr\/index.php?rest_route=%2Fwp%2Fv2%2Fmedia&parent=37"}],"curies":[{"name":"wp","href":"https:\/\/api.w.org\/{rel}","templated":true}]}}