{"id":172,"date":"2019-10-15T11:59:22","date_gmt":"2019-10-15T09:59:22","guid":{"rendered":"http:\/\/naimlabrifraternel.fr\/?page_id=172"},"modified":"2025-02-14T18:34:35","modified_gmt":"2025-02-14T17:34:35","slug":"partenaires","status":"publish","type":"page","link":"https:\/\/naimlabrifraternel.fr\/?page_id=172","title":{"rendered":"Partenaires"},"content":{"rendered":"\t\t<div data-elementor-type=\"wp-page\" data-elementor-id=\"172\" class=\"elementor elementor-172\">\n\t\t\t\t\t\t<section class=\"elementor-section elementor-top-section elementor-element elementor-element-47c2a39 elementor-section-boxed elementor-section-height-default elementor-section-height-default\" data-id=\"47c2a39\" data-element_type=\"section\">\n\t\t\t\t\t\t<div class=\"elementor-container elementor-column-gap-default\">\n\t\t\t\t\t<div class=\"elementor-column elementor-col-100 elementor-top-column elementor-element elementor-element-f5c9d21\" data-id=\"f5c9d21\" data-element_type=\"column\">\n\t\t\t<div class=\"elementor-widget-wrap elementor-element-populated\">\n\t\t\t\t\t\t<div class=\"elementor-element elementor-element-848daf4 elementor-widget elementor-widget-text-editor\" data-id=\"848daf4\" data-element_type=\"widget\" data-widget_type=\"text-editor.default\">\n\t\t\t\t<div class=\"elementor-widget-container\">\n\t\t\t\t\t\t\t<p>150 donateurs particuliers nous ont apport\u00e9 leur soutien financier : du plus petit au plus gros don \u2026 rien n\u2019est superflu&nbsp;!<br><span style=\"color: var( --e-global-color-text ); font-family: var( --e-global-typography-text-font-family ), Sans-serif; font-weight: var( --e-global-typography-text-font-weight ); font-size: 1rem;\">Un immense merci \u00e0 tous, particuliers ou institutions et entreprises&nbsp;!<\/span><\/p>\n<ul>\n<li style=\"list-style-type: none;\">\n<ul>\n<li style=\"list-style-type: none;\">\n<ul>\n<li>Les premiers containers am\u00e9nag\u00e9s ont \u00e9t\u00e9 financ\u00e9s par Joseph Arakel et Micha\u00ebl Sebban (Fonds de dotation + Avenir)<\/li>\n<li>Le chalet a \u00e9t\u00e9 offert par Monsieur et Madame Assorin (Restaurant le Chabrot)&nbsp;<\/li>\n<li>Le Dioc\u00e8se de Marseille met \u00e0 disposition les terrains (\u00e0 St Fran\u00e7ois-Xavier et \u00e0 La Pommeraie)<\/li>\n<li>La Compagnie des Filles de la Charit\u00e9 de Saint Vincent de Paul met \u00e0 disposition les locaux de Fontaine Violette<\/li>\n<li>La Fondation Marseille Bienfaisance a contribu\u00e9 \u00e0 l\u2019\u00e9quipement des logements<\/li>\n<li>La Fondation de France\n<\/li>\n<li>Les collectivit\u00e9s locales nous attribuent des subventions de fonctionnement et d\u2019investissement&nbsp;: Conseil D\u00e9partemental des Bouches-du-Rh\u00f4ne, Ville de Marseille\n<\/li>\n<li>Des actions \u00e0 notre profit sont organis\u00e9es par des chorales, des \u00e9coles, des paroisses (Sainte-Marguerite, Plan-de-Cuques, Saint Jean Bosco, Auriol, collecte pour la messe de Michel Lombard\u2026), des associations et des comit\u00e9s d\u2019entreprise qui nous ont permis de r\u00e9colter des dons financiers, mais aussi mat\u00e9riels (produits d&rsquo;hygi\u00e8ne, alimentaires\u2026).<br>Que soient remerci\u00e9s les \u00e9coles, coll\u00e8ges et lyc\u00e9es Sainte-Trinit\u00e9, Margalhan, Chevreul, Notre-Dame de la Viste, Eug\u00e8ne Mazenod, S\u00e9vign\u00e9.<\/li>\n<li>La Soci\u00e9t\u00e9 des Eaux de Marseille prend en charge la consommation d\u2019eau de Fontaine Violette<\/li>\n<li>La Banque Alimentaire des Bouches-du-Rh\u00f4ne<\/li>\n<li>Des entreprises priv\u00e9es&nbsp;: Kiabi La Valentine, Peintures Seigneurie, Durbec Paysages, Monetch, Axa Atout Coeur<\/li>\n<li>L\u2019Association Femmes Actives Plan de Cuques<\/li>\n<\/ul>\n<\/li>\n<\/ul>\n<\/li>\n<\/ul>\t\t\t\t\t\t<\/div>\n\t\t\t\t<\/div>\n\t\t\t\t\t<\/div>\n\t\t<\/div>\n\t\t\t\t\t<\/div>\n\t\t<\/section>\n\t\t\t\t<\/div>\n\t\t","protected":false},"excerpt":{"rendered":"<p>150 donateurs particuliers nous ont apport\u00e9 leur soutien financier : du plus petit au plus gros don \u2026 rien n\u2019est superflu&nbsp;!Un immense merci \u00e0 tous, particuliers ou institutions et entreprises&nbsp;! Les premiers containers am\u00e9nag\u00e9s ont \u00e9t\u00e9 financ\u00e9s par Joseph Arakel et Micha\u00ebl Sebban (Fonds de dotation + Avenir) Le chalet a \u00e9t\u00e9 offert par Monsieur &hellip; <a href=\"https:\/\/naimlabrifraternel.fr\/?page_id=172\" class=\"more-link\">Continuer la lecture<span class=\"screen-reader-text\"> de &laquo;&nbsp;Partenaires&nbsp;&raquo;<\/span><\/a><\/p>\n","protected":false},"author":1,"featured_media":0,"parent":0,"menu_order":0,"comment_status":"closed","ping_status":"closed","template":"","meta":{"footnotes":""},"class_list":["post-172","page","type-page","status-publish","hentry"],"_links":{"self":[{"href":"https:\/\/naimlabrifraternel.fr\/index.php?rest_route=\/wp\/v2\/pages\/172","targetHints":{"allow":["GET"]}}],"collection":[{"href":"https:\/\/naimlabrifraternel.fr\/index.php?rest_route=\/wp\/v2\/pages"}],"about":[{"href":"https:\/\/naimlabrifraternel.fr\/index.php?rest_route=\/wp\/v2\/types\/page"}],"author":[{"embeddable":true,"href":"https:\/\/naimlabrifraternel.fr\/index.php?rest_route=\/wp\/v2\/users\/1"}],"replies":[{"embeddable":true,"href":"https:\/\/naimlabrifraternel.fr\/index.php?rest_route=%2Fwp%2Fv2%2Fcomments&post=172"}],"version-history":[{"count":12,"href":"https:\/\/naimlabrifraternel.fr\/index.php?rest_route=\/wp\/v2\/pages\/172\/revisions"}],"predecessor-version":[{"id":497,"href":"https:\/\/naimlabrifraternel.fr\/index.php?rest_route=\/wp\/v2\/pages\/172\/revisions\/497"}],"wp:attachment":[{"href":"https:\/\/naimlabrifraternel.fr\/index.php?rest_route=%2Fwp%2Fv2%2Fmedia&parent=172"}],"curies":[{"name":"wp","href":"https:\/\/api.w.org\/{rel}","templated":true}]}}